{"id":20,"date":"2023-12-22T22:11:13","date_gmt":"2023-12-22T22:11:13","guid":{"rendered":"http:\/\/vargas-solar.com\/aequitas\/?page_id=20"},"modified":"2025-12-16T19:27:58","modified_gmt":"2025-12-16T19:27:58","slug":"matilda-au-pays-de-la-science","status":"publish","type":"page","link":"https:\/\/aequitas.projet.liris.cnrs.fr\/index.php\/actions\/matilda-au-pays-de-la-science\/","title":{"rendered":"Matilda au pays de la science"},"content":{"rendered":"\n<pre class=\"wp-block-preformatted\">Moins de 30% des&nbsp;chercheur.e.s&nbsp;dans le monde sont des femmes \n<em>Institut de statistique de l'UNESCO<\/em><\/pre>\n\n\n\n<p>Les femmes &amp; les filles jouent un r\u00f4le essentiel&nbsp;dans la communaut\u00e9 scientifique &amp; technologique. Nous avons men\u00e9 cette action pour r\u00e9veiller les esprits en profitant du 11 f\u00e9vrier (2022) <em>Journ\u00e9e internationale&nbsp;des&nbsp;femmes&nbsp;et des&nbsp;filles&nbsp;de&nbsp;science<\/em>. L&#8217;action a eu lieu sur nos r\u00e9seaux sociaux et sur le site du LIRIS avec le #FHatLIRIS en publiant des plaquettes en Fran\u00e7ais et en Anglais qui expliquent la situation des femmes et des filles au pays de la sciences (<a href=\"https:\/\/drive.google.com\/file\/d\/1ERNTILhp95rhaR91VNjfaY4BBTgAyT_1\/view?usp=sharing\" target=\"_blank\" rel=\"noreferrer noopener\">PDF<\/a>).<\/p>\n\n\n\n<p>Les femmes sont sous-repr\u00e9sent\u00e9es:&nbsp;<\/p>\n\n\n\n<ul class=\"wp-block-list\">\n<li>Dans les domaines de la science, de la technologie, de l&#8217;ing\u00e9nierie et des math\u00e9matiques (STIM), au niveau universitaire et de la recherche<\/li>\n\n\n\n<li>Aux niveaux d\u00e9cisionnaires de l&#8217;\u00e9laboration des politiques &amp; de la programmation<\/li>\n<\/ul>\n\n\n\n<h5 class=\"wp-block-heading\"><strong>Savez-vous ce qu&#8217;est l\u2019effet de la Matilda ?<\/strong><\/h5>\n\n\n\n<p>L&#8217;effet Matilda est le nom d&#8217;un type de discrimination dont souffrent de nombreuses femmes scientifiques. Tout au long de l&#8217;histoire, de nombreuses femmes chercheurs ont \u00e9t\u00e9 priv\u00e9es de leurs contributions et le m\u00e9rite de leurs d\u00e9couvertes a \u00e9t\u00e9 attribu\u00e9 \u00e0 leurs coll\u00e8gues masculins. Cette injustice a emp\u00each\u00e9 que les femmes soient reconnues comme il se doit et, par cons\u00e9quent, elles ne figurent pas dans les manuels scolaires. M\u00eame aujourd\u2019hui, en r\u00e9digeant une th\u00e8se ou en choisissant de <a href=\"https:\/\/bachelorarbeit-schreiben-lassen.com\/\" style=\"color: inherit; text-decoration: none;\">bachelorarbeit schreiben lassen<\/a> (ce qui signifie &#8220;faire r\u00e9diger son m\u00e9moire de licence&#8221; en allemand), il est essentiel de se rappeler ces in\u00e9galit\u00e9s pour rendre justice \u00e0 toutes les contributions scientifiques.<\/p>\n","protected":false},"excerpt":{"rendered":"<p>Moins de 30% des&nbsp;chercheur.e.s&nbsp;dans le monde sont des femmes Institut de statistique de l&#8217;UNESCO Les femmes &amp; les filles jouent un r\u00f4le essentiel&nbsp;dans la communaut\u00e9 scientifique &amp; technologique. Nous avons men\u00e9 cette action pour r\u00e9veiller les esprits en profitant du 11 f\u00e9vrier (2022) Journ\u00e9e internationale&nbsp;des&nbsp;femmes&nbsp;et des&nbsp;filles&nbsp;de&nbsp;science. L&#8217;action a eu lieu sur nos r\u00e9seaux sociaux et [&hellip;]<\/p>\n","protected":false},"author":3,"featured_media":140,"parent":28,"menu_order":0,"comment_status":"closed","ping_status":"closed","template":"","meta":{"footnotes":""},"class_list":["post-20","page","type-page","status-publish","has-post-thumbnail","hentry"],"_links":{"self":[{"href":"https:\/\/aequitas.projet.liris.cnrs.fr\/index.php\/wp-json\/wp\/v2\/pages\/20","targetHints":{"allow":["GET"]}}],"collection":[{"href":"https:\/\/aequitas.projet.liris.cnrs.fr\/index.php\/wp-json\/wp\/v2\/pages"}],"about":[{"href":"https:\/\/aequitas.projet.liris.cnrs.fr\/index.php\/wp-json\/wp\/v2\/types\/page"}],"author":[{"embeddable":true,"href":"https:\/\/aequitas.projet.liris.cnrs.fr\/index.php\/wp-json\/wp\/v2\/users\/3"}],"replies":[{"embeddable":true,"href":"https:\/\/aequitas.projet.liris.cnrs.fr\/index.php\/wp-json\/wp\/v2\/comments?post=20"}],"version-history":[{"count":2,"href":"https:\/\/aequitas.projet.liris.cnrs.fr\/index.php\/wp-json\/wp\/v2\/pages\/20\/revisions"}],"predecessor-version":[{"id":124890,"href":"https:\/\/aequitas.projet.liris.cnrs.fr\/index.php\/wp-json\/wp\/v2\/pages\/20\/revisions\/124890"}],"up":[{"embeddable":true,"href":"https:\/\/aequitas.projet.liris.cnrs.fr\/index.php\/wp-json\/wp\/v2\/pages\/28"}],"wp:featuredmedia":[{"embeddable":true,"href":"https:\/\/aequitas.projet.liris.cnrs.fr\/index.php\/wp-json\/wp\/v2\/media\/140"}],"wp:attachment":[{"href":"https:\/\/aequitas.projet.liris.cnrs.fr\/index.php\/wp-json\/wp\/v2\/media?parent=20"}],"curies":[{"name":"wp","href":"https:\/\/api.w.org\/{rel}","templated":true}]}}