{"id":24,"date":"2023-12-22T22:11:13","date_gmt":"2023-12-22T22:11:13","guid":{"rendered":"http:\/\/vargas-solar.com\/aequitas\/?page_id=24"},"modified":"2026-02-01T14:28:28","modified_gmt":"2026-02-01T14:28:28","slug":"membres","status":"publish","type":"page","link":"https:\/\/aequitas.projet.liris.cnrs.fr\/index.php\/membres\/","title":{"rendered":"MEMBRES"},"content":{"rendered":"\n<h5 class=\"wp-block-heading\">Coordinatrice<\/h5>\n\n\n\n<p><a href=\"http:\/\/www.vargas-solar.com\" target=\"_blank\" rel=\"noreferrer noopener\">Genoveva Vargas-Solar<\/a>, Groupe Bases de donn\u00e9es, CNRS, <a href=\"mailto:egalite-femme-homme@liris.cnrs.fr\">egalite-femme-homme@liris.cnrs.fr<\/a><\/p>\n\n\n\n<h5 class=\"wp-block-heading\">Membres permanent.e.s<\/h5>\n\n\n\n<ul class=\"wp-block-list\">\n<li>Chirine Ghedira-Gu\u00e9gan, Groupe <a href=\"https:\/\/liris.cnrs.fr\/equipe\/soc\" data-type=\"URL\" data-id=\"https:\/\/liris.cnrs.fr\/equipe\/soc\">SOC<\/a>, IAE &#8211; U. Jean Moulin Lyon 3<\/li>\n\n\n\n<li>Nelly Barret, Groupe <a href=\"https:\/\/liris.cnrs.fr\/equipe\/drim\" target=\"_blank\" rel=\"noreferrer noopener\">DRIM<\/a>, INSA Lyon<\/li>\n\n\n\n<li>Diego Vinasco-Alvarez, <a href=\"https:\/\/liris.cnrs.fr\/equipe\/origami\" target=\"_blank\" rel=\"noreferrer noopener\">ORIGAMI<\/a>, CNRS<\/li>\n\n\n\n<li>Tetiana Yemelianenko, <a href=\"https:\/\/projet.liris.cnrs.fr\/imagine\/\" target=\"_blank\" rel=\"noreferrer noopener\">IMAGINE<\/a>, Universit\u00e9 Fr\u00e8res Lumi\u00e8res Lyon 2<\/li>\n<\/ul>\n\n\n\n<h5 class=\"wp-block-heading\">Membres ex officio relation avec la commission M\u00e9diation Scientifique<\/h5>\n\n\n\n<ul class=\"wp-block-list\">\n<li>Fran\u00e7oise Conil, <a href=\"https:\/\/liris.cnrs.fr\/equipe\/bd\" target=\"_blank\" rel=\"noreferrer noopener\">Bases de donn\u00e9es<\/a>, CNRS<\/li>\n\n\n\n<li>Fabrice Jaillet,<a href=\"https:\/\/liris.cnrs.fr\/equipe\/origami\" target=\"_blank\" rel=\"noreferrer noopener\"> ORIGAMI<\/a>, Universit\u00e9 Claude Bernard Lyon 1<\/li>\n<\/ul>\n\n\n\n<h5 class=\"wp-block-heading\">Membres \u00e9tudiant.e.s en doctorat<\/h5>\n\n\n\n<ul class=\"wp-block-list\">\n<li>Jey Puget Gil, Groupes <a href=\"https:\/\/liris.cnrs.fr\/equipe\/bd\" target=\"_blank\" rel=\"noreferrer noopener\">Bases de donn\u00e9es<\/a> &#8211; ORIGAMI<\/li>\n<\/ul>\n\n\n\n<p><em>Former members<\/em><br>Loujain Liekah, <a style=\"font-size: revert;\" href=\"https:\/\/liris.cnrs.fr\/equipe\/bd\" target=\"_blank\" rel=\"noreferrer noopener\">Bases de donn\u00e9es<\/a> (elle a soutenu sa th\u00e8se en 2023)<br>Paul Banse, <a href=\"https:\/\/liris.cnrs.fr\/equipe\/beagle\" target=\"_blank\" rel=\"noreferrer noopener\">Beagle<\/a> (il a soutenu sa th\u00e8se en 2023)<br>Enzo Simonnet, <a href=\"https:\/\/liris.cnrs.fr\/equipe\/sical\" target=\"_blank\" rel=\"noreferrer noopener\">SICAL<\/a> (il a soutenu sa th\u00e8se en 2025)<br>Salima Hassas, <a href=\"https:\/\/liris.cnrs.fr\/equipe\/sycosma\">SyCoSMA<\/a>, U. Claude Bernard Lyon 1 (1964-2023)<br>Javier A. Espinosa-Oviedo (pris un poste \u00e0 U. Lyon 1 affect\u00e9 au laboratoire ERIC)<br>Mathieu Lefort, <a href=\"https:\/\/liris.cnrs.fr\/equipe\/sycosma\">SyCoSMA<\/a>, U. Claude Bernard Lyon 1 (parti \u00e0 l&#8217;IRISA)<br>Aline Parreau, <a href=\"https:\/\/liris.cnrs.fr\/equipe\/goal\" data-type=\"URL\" data-id=\"https:\/\/liris.cnrs.fr\/equipe\/goal\">GOAL<\/a>, CNRS (a pris en charge la <a href=\"https:\/\/mmi.universite-lyon.fr\" target=\"_blank\" rel=\"noreferrer noopener\">MMI<\/a> 2026)<\/p>\n","protected":false},"excerpt":{"rendered":"<p>Coordinatrice Genoveva Vargas-Solar, Groupe Bases de donn\u00e9es, CNRS, egalite-femme-homme@liris.cnrs.fr Membres permanent.e.s Membres ex officio relation avec la commission M\u00e9diation Scientifique Membres \u00e9tudiant.e.s en doctorat Former membersLoujain Liekah, Bases de donn\u00e9es (elle a soutenu sa th\u00e8se en 2023)Paul Banse, Beagle (il a soutenu sa th\u00e8se en 2023)Enzo Simonnet, SICAL (il a soutenu sa th\u00e8se en 2025)Salima [&hellip;]<\/p>\n","protected":false},"author":3,"featured_media":0,"parent":0,"menu_order":0,"comment_status":"closed","ping_status":"closed","template":"","meta":{"footnotes":""},"class_list":["post-24","page","type-page","status-publish","hentry"],"_links":{"self":[{"href":"https:\/\/aequitas.projet.liris.cnrs.fr\/index.php\/wp-json\/wp\/v2\/pages\/24","targetHints":{"allow":["GET"]}}],"collection":[{"href":"https:\/\/aequitas.projet.liris.cnrs.fr\/index.php\/wp-json\/wp\/v2\/pages"}],"about":[{"href":"https:\/\/aequitas.projet.liris.cnrs.fr\/index.php\/wp-json\/wp\/v2\/types\/page"}],"author":[{"embeddable":true,"href":"https:\/\/aequitas.projet.liris.cnrs.fr\/index.php\/wp-json\/wp\/v2\/users\/3"}],"replies":[{"embeddable":true,"href":"https:\/\/aequitas.projet.liris.cnrs.fr\/index.php\/wp-json\/wp\/v2\/comments?post=24"}],"version-history":[{"count":8,"href":"https:\/\/aequitas.projet.liris.cnrs.fr\/index.php\/wp-json\/wp\/v2\/pages\/24\/revisions"}],"predecessor-version":[{"id":124910,"href":"https:\/\/aequitas.projet.liris.cnrs.fr\/index.php\/wp-json\/wp\/v2\/pages\/24\/revisions\/124910"}],"wp:attachment":[{"href":"https:\/\/aequitas.projet.liris.cnrs.fr\/index.php\/wp-json\/wp\/v2\/media?parent=24"}],"curies":[{"name":"wp","href":"https:\/\/api.w.org\/{rel}","templated":true}]}}