{"id":26,"date":"2023-12-22T22:11:13","date_gmt":"2023-12-22T22:11:13","guid":{"rendered":"http:\/\/vargas-solar.com\/aequitas\/?page_id=26"},"modified":"2026-03-05T16:43:54","modified_gmt":"2026-03-05T16:43:54","slug":"a-lire","status":"publish","type":"page","link":"https:\/\/aequitas.projet.liris.cnrs.fr\/index.php\/a-lire\/","title":{"rendered":"\u00c0 LIRE ET \u00c0 AGIR"},"content":{"rendered":"\n<p><strong>Newsletters de nos institutions<\/strong><\/p>\n\n\n\n<h2 class=\"wp-block-heading\">L&#8217;\u00e9cart entre hommes et femmes en chiffres et en sience<\/h2>\n\n\n\n<ul class=\"wp-block-list\">\n<li>e-learning CNRS &#8220;<a href=\"http:\/\/elearning CNRS &quot;les in\u00e9galit\u00e9s femmes-hommes dans la recherche&quot;\" target=\"_blank\" rel=\"noreferrer noopener\">les in\u00e9galit\u00e9s femmes-hommes dans la recherche<\/a>&#8220;<\/li>\n\n\n\n<li><a href=\"https:\/\/drive.google.com\/file\/d\/1GIHDaPuB8EQS60N7JONzR-t6EeFv1MUH\/view?usp=sharing\" target=\"_blank\" rel=\"noreferrer noopener\">Septembre 2022<\/a> &#8211; COREGAL CNRS DR07<\/li>\n\n\n\n<li><a href=\"https:\/\/drive.google.com\/file\/d\/13dAqeFiatMjp07ftX3RuMuSkHqxNPcIr\/view?usp=sharing\">\u00a0Guide pour une communication sans st\u00e9r\u00e9otypes de sexe<\/a> <strong>(new)<\/strong><\/li>\n<\/ul>\n\n\n\n<ul class=\"wp-block-list\">\n<li>Erin Young, Judy Wajcman, Laila Sprejer, Where are the women? Mapping the gender job gap in AI, The Alan Turing Institute, <a href=\"https:\/\/drive.google.com\/file\/d\/1pYckoLhHpmmeH0p2Q_NrfTNo1Mh_Wf8S\/view?usp=sharing\" target=\"_blank\" rel=\"noreferrer noopener\">https:\/\/drive.google.com\/file\/d\/1pYckoLhHpmmeH0p2Q_NrfTNo1Mh_Wf8S\/view?usp=sharing<\/a><\/li>\n\n\n\n<li>THE DIGITAL REVOLUTION: Implications for Gender Equality and Women\u2019s Rights, 25 Years after Beijing, <a href=\"https:\/\/drive.google.com\/file\/d\/1usMFhTWuGGtk2cInBnCRz-nb_btuBE7A\/view?usp=sharing\">https:\/\/drive.google.com\/file\/d\/1usMFhTWuGGtk2cInBnCRz-nb_btuBE7A\/view?usp=sharing<\/a><\/li>\n\n\n\n<li>DIAG-EgaPro Index, <a href=\"https:\/\/drive.google.com\/file\/d\/1iFD6wKpLab8PAisWWnmLfKlr02Zqz7eG\/view?usp=sharing\" target=\"_blank\" rel=\"noreferrer noopener\">https:\/\/drive.google.com\/file\/d\/1iFD6wKpLab8PAisWWnmLfKlr02Zqz7eG\/view?usp=sharing<\/a><\/li>\n<\/ul>\n\n\n\n<ul class=\"wp-block-list\">\n<li>Actualit\u00e9 de l\u2019\u00e9galit\u00e9 entre les femmes et les hommes, Minist\u00e8re charg\u00e9 de l&#8217;\u00e9galit\u00e9 entre les femmes et les hommes, de la diversti\u00e9 et de l&#8217;\u00e9galit\u00e9 des chances, <a href=\"https:\/\/drive.google.com\/file\/d\/1yvmUFFC7yE6EpteGo_aP-W7F-fToUN1N\/view?usp=sharing\" target=\"_blank\" rel=\"noreferrer noopener\">https:\/\/drive.google.com\/file\/d\/1yvmUFFC7yE6EpteGo_aP-W7F-fToUN1N\/view?usp=sharing<\/a><\/li>\n\n\n\n<li><a href=\"https:\/\/drive.google.com\/file\/d\/1LDXsEJWHDUPOYaG6oq30sPjm1YjJSNJg\/view?usp=sharing\" target=\"_blank\" rel=\"noreferrer noopener\">LES ATTEINTES \u00c0 LA PRODUCTIVIT\u00c9 DES FEMMES EN SCIENCE. LE CAS D\u2019UN LABORATOIRE D\u2019\u00c9COLOGIE QU\u00c9B\u00c9COIS<\/a><\/li>\n\n\n\n<li>Femmes de science : marche \u00e0 l\u2019ombre :<a href=\"https:\/\/www.radiofrance.fr\/franceculture\/podcasts\/la-methode-scientifique\/femmes-de-science-marche-a-l-ombre-9989084\" target=\"_blank\" rel=\"noreferrer noopener\"> https:\/\/www.radiofrance.fr\/franceculture\/podcasts\/la-methode-scientifique\/femmes-de-science-marche-a-l-ombre-9989084<\/a><\/li>\n<\/ul>\n\n\n\n<h2 class=\"wp-block-heading\">Politiques d&#8217;embauche<\/h2>\n\n\n\n<ul class=\"wp-block-list\">\n<li>Plan d&#8217;action pour l&#8217;\u00e9galit\u00e9 professionelle 2021-2023, CNRS, <a href=\"https:\/\/drive.google.com\/file\/d\/1T_XFSxEueHV36bZXC_9o9Aw6ZfmVOu38\/view?usp=sharing\">https:\/\/drive.google.com\/file\/d\/1T_XFSxEueHV36bZXC_9o9Aw6ZfmVOu38\/view?usp=sharing<\/a><\/li>\n\n\n\n<li>Recommandations suite au s\u00e9minaire th\u00e9matique \u00ab La Place des Femmes \u00e0 l&#8217;INS2I \u00bb du 2\/12\/19, <a href=\"https:\/\/drive.google.com\/file\/d\/1M642S1FtLNJbUoHcI_BgvZdSoW-UxOcN\/view?usp=sharing\" target=\"_blank\" rel=\"noreferrer noopener\">https:\/\/drive.google.com\/file\/d\/1M642S1FtLNJbUoHcI_BgvZdSoW-UxOcN\/view?usp=sharing<\/a><\/li>\n\n\n\n<li>Pratiques d&#8217;embauches des COS: <a href=\"https:\/\/www.ins2i.cnrs.fr\/fr\/bonnes-pratiques-pour-les-comites-de-selection-cos?utm_campaign=INS2I%20-%20CNRS&amp;utm_medium=email&amp;utm_source=Revue%20newsletter\">https:\/\/www.ins2i.cnrs.fr\/fr\/bonnes-pratiques-pour-les-comites-de-selection-cos?utm_campaign=INS2I%20-%20CNRS&amp;utm_medium=email&amp;utm_source=Revue%20newsletter<\/a><\/li>\n\n\n\n<li>Egalit\u00e9 Professionnelle Femmes Hommes: rep\u00e8res pour agir, <a href=\"https:\/\/drive.google.com\/file\/d\/18rYsF5yqP9cIAcmOIqbKx8UQPAaldC0P\/view?usp=sharing\" target=\"_blank\" rel=\"noreferrer noopener\">https:\/\/drive.google.com\/file\/d\/18rYsF5yqP9cIAcmOIqbKx8UQPAaldC0P\/view?usp=sharing<\/a><\/li>\n\n\n\n<li>Bem, S.L., &amp; Bem, D.J. (1973). Does Sex-biased Job Advertising \u201cAid and Abet\u201d Sex Discrimination?. Journal of Applied Social Psychology, 3, 6-18. https:\/\/doi.org\/10.1111\/j.1559-1816.1973.tb01290.x<\/li>\n<\/ul>\n\n\n\n<h2 class=\"wp-block-heading\">Attraction de talents<\/h2>\n\n\n\n<ul class=\"wp-block-list\">\n<li>LES FREINS \u00c0 L\u2019ACC\u00c8S DES FILLES AUX FILI\u00c8RES INFORMATIQUES, ET NUM\u00c9RIQUES, <a href=\"https:\/\/drive.google.com\/file\/d\/1crlJzzLyuC99IsY3ayn2iyz3U3peau-Z\/view?usp=sharing\" target=\"_blank\" rel=\"noreferrer noopener\">https:\/\/drive.google.com\/file\/d\/1crlJzzLyuC99IsY3ayn2iyz3U3peau-Z\/view?usp=sharing<\/a><\/li>\n\n\n\n<li>Technology review: <a href=\"https:\/\/www.technologyreview.com\/2022\/08\/11\/1056917\/tech-fix-gender-problem\">https:\/\/www.technologyreview.com\/2022\/08\/11\/1056917\/tech-fix-gender-problem<\/a><\/li>\n\n\n\n<li><a href=\"https:\/\/drive.google.com\/file\/d\/1LCoGSijvs5zRYtBuswZQxUOFymHNimYg\/view?usp=sharing\" target=\"_blank\" rel=\"noreferrer noopener\">FILLES + SCIENCES = UNE \u00c9QUATION INSOLUBLE ?\u00a0Enqu\u00eate sur les classes pr\u00e9paratoires scientifiques<\/a><\/li>\n\n\n\n<li><a href=\"https:\/\/drive.google.com\/file\/d\/1LD9952EcmjHc7UsKN6NGIISagkQW9mV4\/view?usp=sharing\" target=\"_blank\" rel=\"noreferrer noopener\">The <s>Matthew <\/s>Mathilda Effect in Science\u00a0<\/a><\/li>\n<\/ul>\n\n\n\n<p><strong>Sexismes et violences sexuelles aussi en science<\/strong><\/p>\n\n\n\n<ul class=\"wp-block-list\">\n<li>\u00a0La sexualit\u00e9 en colloque, une &#8220;parenth\u00e8se enchant\u00e9e&#8221; ?\u00a0<a href=\"https:\/\/www.cairn.info\/revue-terrains-et-travaux-2022-1-page-89.htm\">https:\/\/www.cairn.info\/revue-terrains-et-travaux-2022-1-page-89.htm<\/a><\/li>\n\n\n\n<li>Cinq ans apr\u00e8s #metoo, l\u2019onde de choc : ce qui a chang\u00e9 dans les familles, \u00e0 l\u2019\u00e9cole, au tribunal\u2026 :\u00a0<a href=\"https:\/\/www.lemonde.fr\/societe\/article\/2022\/10\/05\/cinq-ans-apres-metoo-l-onde-de-choc-ce-qui-a-change-dans-les-familles-a-l-ecole-au-tribunal_6144430_3224.html\">https:\/\/www.lemonde.fr\/societe\/article\/2022\/10\/05\/cinq-ans-apres-metoo-l-onde-de-choc-ce-qui-a-change-dans-les-familles-a-l-ecole-au-tribunal_6144430_3224.html<\/a><\/li>\n\n\n\n<li>\u00a0#Metoo Les scandales sexuels toujours pass\u00e9s sous silence dans le domaine scientifique :\u00a0<a href=\"https:\/\/www.nationalgeographic.fr\/sciences\/metoo-les-scandales-sexuels-toujours-passes-sous-silence-dans-le-domaine-scientifique\">https:\/\/www.nationalgeographic.fr\/sciences\/metoo-les-scandales-sexuels-toujours-passes-sous-silence-dans-le-domaine-scientifique<\/a><\/li>\n<\/ul>\n\n\n\n<h2 class=\"wp-block-heading\">\u00c2gisme<\/h2>\n\n\n\n<ul class=\"wp-block-list\">\n<li>LES FEMMES SENIORS DANS L\u2019EMPLOI,\u00c9tat des lieux, <a href=\"https:\/\/drive.google.com\/file\/d\/1cK0bn39v2GlVOFqvsxPAnqSr2NEho0my\/view?usp=sharing\" target=\"_blank\" rel=\"noreferrer noopener\">https:\/\/drive.google.com\/file\/d\/1cK0bn39v2GlVOFqvsxPAnqSr2NEho0my\/view?usp=sharing<\/a><\/li>\n\n\n\n<li>Schaie, K. W. (1993). Ageist language in psychological research. American Psychologist, 48(1), 49\u201351. https:\/\/doi.org\/10.1037\/0003-066X.48.1.49<\/li>\n<\/ul>\n\n\n\n<h2 class=\"wp-block-heading\">Nouvelles masculinit\u00e9s<\/h2>\n\n\n\n<ul class=\"wp-block-list\">\n<li>Anne-Marie SOHN, The European man, hegemonic masculinity 19th-21st centuries, <a href=\"https:\/\/drive.google.com\/file\/d\/1lU_uGP3lYX4V60NJfRmayfdutuqbhvFX\/view?usp=sharing\">https:\/\/drive.google.com\/file\/d\/1lU_uGP3lYX4V60NJfRmayfdutuqbhvFX\/view?usp=sharing<\/a><\/li>\n\n\n\n<li>Marion Rousset, L\u2019homme enfin inclus dans les \u00e9tudes de genre, <a href=\"https:\/\/drive.google.com\/file\/d\/1hGUGIS86NUG4HOJmpv6JbIhxZqv4CIsf\/view?usp=sharing\" target=\"_blank\" rel=\"noreferrer noopener\">https:\/\/drive.google.com\/file\/d\/1hGUGIS86NUG4HOJmpv6JbIhxZqv4CIsf\/view?usp=sharing<\/a><\/li>\n\n\n\n<li>Council of Europe, Masculinit\u00e9s,<a href=\"https:\/\/drive.google.com\/file\/d\/1QGL7-xZusgnJisRdMKQWxKLzohgcR6xm\/view?usp=sharing\" target=\"_blank\" rel=\"noreferrer noopener\"> https:\/\/drive.google.com\/file\/d\/1QGL7-xZusgnJisRdMKQWxKLzohgcR6xm\/view?usp=sharing<\/a><\/li>\n\n\n\n<li>Raewyn Connell, Masculinit\u00e9s Enjeux, \u00c9ditions Amsterdam, <a href=\"https:\/\/drive.google.com\/file\/d\/1G14acISCQ3va18eMLGz_2QRf_vdGppFf\/view?usp=sharing\" target=\"_blank\" rel=\"noreferrer noopener\">https:\/\/drive.google.com\/file\/d\/1G14acISCQ3va18eMLGz_2QRf_vdGppFf\/view?usp=sharing<\/a><\/li>\n\n\n\n<li>F\u00e9minisme,\u00c0 quoi servent les \u00ab\u00e9tudes des masculinit\u00e9s\u00bb?, Lib\u00e9ration, <a href=\"https:\/\/www.liberation.fr\/culture\/2015\/10\/30\/beni-soit-qui-male-y-pense_1394885\/\" target=\"_blank\" rel=\"noreferrer noopener\">https:\/\/www.liberation.fr\/culture\/2015\/10\/30\/beni-soit-qui-male-y-pense_1394885\/<\/a><\/li>\n<\/ul>\n\n\n\n<h2 class=\"wp-block-heading\">Associations pour faire des \u00e9tudes analytiques: collections des donn\u00e9es et analyse<\/h2>\n\n\n\n<ul class=\"wp-block-list\">\n<li>Data civica: <a href=\"https:\/\/datacivica.org\/nosotras#dc\">https:\/\/datacivica.org\/nosotras#dc<\/a><\/li>\n\n\n\n<li>Open heroines: <a href=\"https:\/\/openheroines.org\">https:\/\/openheroines.org<\/a><\/li>\n<\/ul>\n\n\n\n<h2 class=\"wp-block-heading\">L&#8217;\u00e9galit\u00e9 F\/H sur les m\u00e9dias: <\/h2>\n\n\n\n<ul class=\"wp-block-list\">\n<li><a href=\"https:\/\/smartlink.ausha.co\/amphi-25-parlons-discriminations\/10-pas-drole-rire-ensemble-contre-les-discriminations-sur-internet\">https:\/\/smartlink.ausha.co\/amphi-25-parlons-discriminations\/10-pas-drole-rire-ensemble-contre-les-discriminations-sur-internet<\/a><\/li>\n\n\n\n<li><a href=\"https:\/\/www.binge.audio\/podcast\/les-couilles-sur-la-table\">https:\/\/www.binge.audio\/podcast\/les-couilles-sur-la-table<\/a><\/li>\n\n\n\n<li><a href=\"https:\/\/www.binge.audio\/podcast\/le-coeur-sur-la-table\/la-dialectique-du-calbute-sale\">https:\/\/www.binge.audio\/podcast\/le-coeur-sur-la-table\/la-dialectique-du-calbute-sale<\/a><\/li>\n<\/ul>\n\n\n\n<p><\/p>\n","protected":false},"excerpt":{"rendered":"<p>Newsletters de nos institutions L&#8217;\u00e9cart entre hommes et femmes en chiffres et en sience Politiques d&#8217;embauche Attraction de talents Sexismes et violences sexuelles aussi en science \u00c2gisme Nouvelles masculinit\u00e9s Associations pour faire des \u00e9tudes analytiques: collections des donn\u00e9es et analyse L&#8217;\u00e9galit\u00e9 F\/H sur les m\u00e9dias:<\/p>\n","protected":false},"author":3,"featured_media":0,"parent":0,"menu_order":0,"comment_status":"closed","ping_status":"closed","template":"","meta":{"footnotes":""},"class_list":["post-26","page","type-page","status-publish","hentry"],"_links":{"self":[{"href":"https:\/\/aequitas.projet.liris.cnrs.fr\/index.php\/wp-json\/wp\/v2\/pages\/26","targetHints":{"allow":["GET"]}}],"collection":[{"href":"https:\/\/aequitas.projet.liris.cnrs.fr\/index.php\/wp-json\/wp\/v2\/pages"}],"about":[{"href":"https:\/\/aequitas.projet.liris.cnrs.fr\/index.php\/wp-json\/wp\/v2\/types\/page"}],"author":[{"embeddable":true,"href":"https:\/\/aequitas.projet.liris.cnrs.fr\/index.php\/wp-json\/wp\/v2\/users\/3"}],"replies":[{"embeddable":true,"href":"https:\/\/aequitas.projet.liris.cnrs.fr\/index.php\/wp-json\/wp\/v2\/comments?post=26"}],"version-history":[{"count":3,"href":"https:\/\/aequitas.projet.liris.cnrs.fr\/index.php\/wp-json\/wp\/v2\/pages\/26\/revisions"}],"predecessor-version":[{"id":124916,"href":"https:\/\/aequitas.projet.liris.cnrs.fr\/index.php\/wp-json\/wp\/v2\/pages\/26\/revisions\/124916"}],"wp:attachment":[{"href":"https:\/\/aequitas.projet.liris.cnrs.fr\/index.php\/wp-json\/wp\/v2\/media?parent=26"}],"curies":[{"name":"wp","href":"https:\/\/api.w.org\/{rel}","templated":true}]}}