{"id":272,"date":"2023-12-22T22:11:13","date_gmt":"2023-12-22T22:11:13","guid":{"rendered":"http:\/\/vargas-solar.com\/aequitas\/?page_id=272"},"modified":"2025-06-04T01:18:58","modified_gmt":"2025-06-04T01:18:58","slug":"projets","status":"publish","type":"page","link":"https:\/\/aequitas.projet.liris.cnrs.fr\/index.php\/projets\/","title":{"rendered":"PROJETS"},"content":{"rendered":"\n<ul class=\"wp-block-list\"><li><a rel=\"noreferrer noopener\" href=\"http:\/\/vargas-solar.com\/aequitas\/jowdidseai\/\" target=\"_blank\">JOWDIDSEAI<\/a> programme Institut du Genre : cartographie de l&#8217;\u00e9cart entre les sexes et la diversit\u00e9 et l&#8217;inclusion en mati\u00e8re d&#8217;emploi dans la science des donn\u00e9es et l\u2019intelligence artificielle dans l&#8217;industrie et le milieu universitaire fran\u00e7ais.<\/li><li><a rel=\"noreferrer noopener\" href=\"http:\/\/vargas-solar.com\/aequitas\/sinfonia\/\" target=\"_blank\">SINFONIA<\/a> AAP CNRS : sensibilisation sur l&#8217;in\u00e9galit\u00e9 femmes\/hommes dans la recherche et les actions en faveur d&#8217;une communaut\u00e9 scientifique \u00e9quitable.<\/li><\/ul>\n\n\n\n<p><\/p>\n","protected":false},"excerpt":{"rendered":"<p>JOWDIDSEAI programme Institut du Genre : cartographie de l&#8217;\u00e9cart entre les sexes et la diversit\u00e9 et l&#8217;inclusion en mati\u00e8re d&#8217;emploi dans la science des donn\u00e9es et l\u2019intelligence artificielle dans l&#8217;industrie et le milieu universitaire fran\u00e7ais. SINFONIA AAP CNRS : sensibilisation sur l&#8217;in\u00e9galit\u00e9 femmes\/hommes dans la recherche et les actions en faveur d&#8217;une communaut\u00e9 scientifique \u00e9quitable.<\/p>\n","protected":false},"author":3,"featured_media":0,"parent":0,"menu_order":0,"comment_status":"closed","ping_status":"closed","template":"","meta":{"footnotes":""},"class_list":["post-272","page","type-page","status-publish","hentry"],"_links":{"self":[{"href":"https:\/\/aequitas.projet.liris.cnrs.fr\/index.php\/wp-json\/wp\/v2\/pages\/272","targetHints":{"allow":["GET"]}}],"collection":[{"href":"https:\/\/aequitas.projet.liris.cnrs.fr\/index.php\/wp-json\/wp\/v2\/pages"}],"about":[{"href":"https:\/\/aequitas.projet.liris.cnrs.fr\/index.php\/wp-json\/wp\/v2\/types\/page"}],"author":[{"embeddable":true,"href":"https:\/\/aequitas.projet.liris.cnrs.fr\/index.php\/wp-json\/wp\/v2\/users\/3"}],"replies":[{"embeddable":true,"href":"https:\/\/aequitas.projet.liris.cnrs.fr\/index.php\/wp-json\/wp\/v2\/comments?post=272"}],"version-history":[{"count":1,"href":"https:\/\/aequitas.projet.liris.cnrs.fr\/index.php\/wp-json\/wp\/v2\/pages\/272\/revisions"}],"predecessor-version":[{"id":124830,"href":"https:\/\/aequitas.projet.liris.cnrs.fr\/index.php\/wp-json\/wp\/v2\/pages\/272\/revisions\/124830"}],"wp:attachment":[{"href":"https:\/\/aequitas.projet.liris.cnrs.fr\/index.php\/wp-json\/wp\/v2\/media?parent=272"}],"curies":[{"name":"wp","href":"https:\/\/api.w.org\/{rel}","templated":true}]}}