{"id":28,"date":"2023-12-22T22:11:13","date_gmt":"2023-12-22T22:11:13","guid":{"rendered":"http:\/\/vargas-solar.com\/aequitas\/?page_id=28"},"modified":"2025-12-16T18:47:01","modified_gmt":"2025-12-16T18:47:01","slug":"actions","status":"publish","type":"page","link":"https:\/\/aequitas.projet.liris.cnrs.fr\/index.php\/actions\/","title":{"rendered":"ACTIONS"},"content":{"rendered":"\n<p>La commission organise ses activit\u00e9s gr\u00e2ce \u00e0 l&#8217;implication de ses membres. \u00c0 partir du premier semestre de 2022, nos activit\u00e9s se sont centr\u00e9es sur des campagnes de communication visant \u00e0 sensibiliser la communaut\u00e9 LIRIS autour de diff\u00e9rentes perspectives de l&#8217;\u00e9galit\u00e9 femmes-hommes.<\/p>\n\n\n\n<ul class=\"wp-block-list\">\n<li><a href=\"http:\/\/vargas-solar.com\/aequitas\/actions\/matilda-au-pays-de-la-science\" target=\"_blank\" rel=\"noreferrer noopener\">Matilda aux pays de la science<\/a><\/li>\n\n\n\n<li><a href=\"http:\/\/vargas-solar.com\/aequitas\/actions\/les-f-h-au-liris-en-chiffres\" target=\"_blank\" rel=\"noreferrer noopener\">Les femmes au LIRIS<\/a><\/li>\n<\/ul>\n\n\n\n<p>La plan de travail de la commission pour la p\u00e9riode 2022 &#8211; 2025 nous continuons \u00e0 faire des actions lors des dates cl\u00e9s comme le 11 f\u00e9vrier et le 8 mars, et a r\u00e9aliser une veille continue pour promouvoir la visibilit\u00e9 des moments cl\u00e9s de la carri\u00e8re de nos coll\u00e8ges. Notre plan de travail inclut deux activit\u00e9s phare:<\/p>\n\n\n\n<ul class=\"wp-block-list\">\n<li><a href=\"http:\/\/vargas-solar.com\/aequitas\/actions\/les-faux-ami-e-s-de-lequite-f-h\/\" target=\"_blank\" rel=\"noreferrer noopener\">Les faux.ses ami.e.s de l&#8217;\u00e9quit\u00e9 F\/H<\/a><\/li>\n\n\n\n<li><a href=\"http:\/\/vargas-solar.com\/aequitas\/actions\/nouvelles-masculinites\/\" target=\"_blank\" rel=\"noreferrer noopener\">Nouvelles masculinit\u00e9s<\/a><\/li>\n\n\n\n<li>Bien \u00eatre \n<ul class=\"wp-block-list\">\n<li>Sant\u00e9 et charge mentale au repas 100% femmes LIRIS-CREATIS\n<ul class=\"wp-block-list\">\n<li><a href=\"https:\/\/drive.google.com\/file\/d\/1og-IN_15Ne1p5RdBoRPwkETkiotBn97Y\/view?usp=sharing\" target=\"_blank\" rel=\"noreferrer noopener\">Programme<\/a><\/li>\n\n\n\n<li><a href=\"https:\/\/drive.google.com\/file\/d\/1sTyZIXRLKeZnHvEoL7K68T3CUbkC1VeJ\/view?usp=sharing\">Quiz<\/a><\/li>\n\n\n\n<li><a href=\"https:\/\/drive.google.com\/file\/d\/1vpdvNL5J0kTV-hjZu2e_ET9ZvkydulT_\/view?usp=sharing\" target=\"_blank\" rel=\"noreferrer noopener\">Rapport<\/a><\/li>\n<\/ul>\n<\/li>\n\n\n\n<li>St\u00e9r\u00e9otypes de genres, Lucie Marchal, Mission \u00e9galit\u00e9 de femmes au CNRS, CNRS\n<ul class=\"wp-block-list\">\n<li><a href=\"https:\/\/drive.google.com\/file\/d\/1a8L6bv-a5Qz70EpEg0QGTokd-fyQO5F5\/view?usp=sharing\" target=\"_blank\" rel=\"noreferrer noopener\">Programme<\/a><\/li>\n\n\n\n<li><a href=\"https:\/\/drive.google.com\/file\/d\/1RdgPlEIkkEqNSIRUTFcmCJuL0COdiKND\/view?usp=sharing\" target=\"_blank\" rel=\"noreferrer noopener\">Slides<\/a><\/li>\n\n\n\n<li><a href=\"https:\/\/drive.google.com\/file\/d\/1Rf1haHnBY2lC6ensZ0MfYLfcx5KuUL5i\/view?usp=sharing\" target=\"_blank\" rel=\"noreferrer noopener\">Vid\u00e9o<\/a><\/li>\n<\/ul>\n<\/li>\n\n\n\n<li>Formation &#8220;De la l\u00e9gitimit\u00e9 et du syndrome d\u2019imposture&#8221;, EGALUCE, financ\u00e9 par un projet Qualit\u00e9 de vie et conditions de travail LIRIS-CREATIS<\/li>\n<\/ul>\n<\/li>\n<\/ul>\n\n\n\n<p><\/p>\n","protected":false},"excerpt":{"rendered":"<p>La commission organise ses activit\u00e9s gr\u00e2ce \u00e0 l&#8217;implication de ses membres. \u00c0 partir du premier semestre de 2022, nos activit\u00e9s se sont centr\u00e9es sur des campagnes de communication visant \u00e0 sensibiliser la communaut\u00e9 LIRIS autour de diff\u00e9rentes perspectives de l&#8217;\u00e9galit\u00e9 femmes-hommes. La plan de travail de la commission pour la p\u00e9riode 2022 &#8211; 2025 nous [&hellip;]<\/p>\n","protected":false},"author":3,"featured_media":0,"parent":0,"menu_order":0,"comment_status":"closed","ping_status":"closed","template":"","meta":{"footnotes":""},"class_list":["post-28","page","type-page","status-publish","hentry"],"_links":{"self":[{"href":"https:\/\/aequitas.projet.liris.cnrs.fr\/index.php\/wp-json\/wp\/v2\/pages\/28","targetHints":{"allow":["GET"]}}],"collection":[{"href":"https:\/\/aequitas.projet.liris.cnrs.fr\/index.php\/wp-json\/wp\/v2\/pages"}],"about":[{"href":"https:\/\/aequitas.projet.liris.cnrs.fr\/index.php\/wp-json\/wp\/v2\/types\/page"}],"author":[{"embeddable":true,"href":"https:\/\/aequitas.projet.liris.cnrs.fr\/index.php\/wp-json\/wp\/v2\/users\/3"}],"replies":[{"embeddable":true,"href":"https:\/\/aequitas.projet.liris.cnrs.fr\/index.php\/wp-json\/wp\/v2\/comments?post=28"}],"version-history":[{"count":7,"href":"https:\/\/aequitas.projet.liris.cnrs.fr\/index.php\/wp-json\/wp\/v2\/pages\/28\/revisions"}],"predecessor-version":[{"id":124879,"href":"https:\/\/aequitas.projet.liris.cnrs.fr\/index.php\/wp-json\/wp\/v2\/pages\/28\/revisions\/124879"}],"wp:attachment":[{"href":"https:\/\/aequitas.projet.liris.cnrs.fr\/index.php\/wp-json\/wp\/v2\/media?parent=28"}],"curies":[{"name":"wp","href":"https:\/\/api.w.org\/{rel}","templated":true}]}}