{"id":294,"date":"2023-12-22T22:11:13","date_gmt":"2023-12-22T22:11:13","guid":{"rendered":"http:\/\/vargas-solar.com\/aequitas\/?page_id=294"},"modified":"2025-12-16T18:09:14","modified_gmt":"2025-12-16T18:09:14","slug":"billboard","status":"publish","type":"page","link":"https:\/\/aequitas.projet.liris.cnrs.fr\/index.php\/billboard\/","title":{"rendered":"BILLBOARD"},"content":{"rendered":"\n<p>A l&#8217;affiche: des activit\u00e9s et des fais marquants concernant le rayonnement des femmes scientifiques au LIRIS. <strong>Liste non exhaustive!<\/strong><\/p>\n\n\n\n<p><strong><em>Partagez avec nous vos faits marquants: egalite-femme-homme@liris.cnrs.fr<\/em><\/strong><\/p>\n\n\n\n<h4 class=\"wp-block-heading\">2025<\/h4>\n\n\n\n<ul class=\"wp-block-list\">\n<li>Sonia Ben Mokhtar, nomm\u00e9e <a href=\"https:\/\/liris.cnrs.fr\/actualite\/nomination-sonia-ben-mokhtar-rang-chevalier-lordre-national-merite#:~:text=Nous%20sommes%20heureux%20d'annoncer%20la,de%20l'Ordre%20National%20du%20M\u00e9rite.\" target=\"_blank\" rel=\"noreferrer noopener\">Chevalier de l\u2019Ordre National du M\u00e9rite<\/a><\/li>\n\n\n\n<li><a href=\"https:\/\/www.linkedin.com\/posts\/pyladiescon_pyladiescon-pyladies-python-activity-7401689113956872192-bJmB\" target=\"_blank\" rel=\"noreferrer noopener\">PyladiesCon<\/a> 2025, <em>Cr\u00e9er facilement un site web avec MkDocs<\/em>, Fran\u00e7oise Conil<\/li>\n\n\n\n<li>ERC Project Advanced Grants, <a href=\"https:\/\/liris.cnrs.fr\/en\/news\/angela-bonifati-wins-erc-advanced-grant\" target=\"_blank\" rel=\"noreferrer noopener\">GO-Y : Unifying Graph Databases and Causal Models,<\/a> Angela Bonifati<\/li>\n\n\n\n<li><a href=\"https:\/\/cordis.europa.eu\/project\/id\/101226371\" target=\"_blank\" rel=\"noreferrer noopener\">GreenFieldData Project<\/a>, IoRT Data management and analysis for Sustainable Agriculture, Marie Sklodowska-Curie program H2020, Genoveva Vargas-Solar<\/li>\n\n\n\n<li>F\u00eate de la Science, <a href=\"https:\/\/www.facebook.com\/bibliotheque.universitaire.lyon1\/posts\/julie-digne-directrice-de-recherches-au-cnrs-au-laboratoire-liris-utilise-lintel\/1257450376421014\/\" target=\"_blank\" rel=\"noreferrer noopener\">L&#8217;intelligence artificielle pour d\u00e9velopper des algorithmes qui traitent la g\u00e9om\u00e9trie<\/a>, Exposition : Intelligences 2.0, Biblioth\u00e8que Universitaire UCBL, Lyon 1, Julie Digne<\/li>\n\n\n\n<li>F\u00eate de la Science, <a href=\"https:\/\/www.facebook.com\/bibliotheque.universitaire.lyon1\/posts\/a-loccasion-de-la-f\u00eate-de-la-science-2025-les-bu-lyon-1-vous-proposent-de-d\u00e9couv\/1233117232187662\/\" target=\"_blank\" rel=\"noreferrer noopener\">Les biais de l&#8217;IA, pour une IA f\u00e9ministe<\/a>, Exposition : Intelligences 2.0, Biblioth\u00e8que Universitaire UCBL, Lyon 1, Genoveva Vargas-Solar<\/li>\n\n\n\n<li>F\u00eate de la Science, <a href=\"https:\/\/liris.cnrs.fr\/evenement\/fete-science-8-octobre-table-ronde-quand-lintelligence-artificielle-herite-nos-prejuges\">Table Ronde : Quand l\u2019intelligence artificielle h\u00e9rite de nos pr\u00e9jug\u00e9s : une conf\u00e9rence pour comprendre et agir<\/a>, Houleymatou Bald\u00e9, Association Yeeso, Nelly Barret INSA Lyon, LIRIS&nbsp;, John Samuel CPE, Universit\u00e9 de Lyon, LIRIS, Jey Puget Gil ATER Universit\u00e9 Lyon 1, Genoveva Vargas-Solar, CNRS, LIRIS<\/li>\n\n\n\n<li>Angela Bonifati, Pr\u00e9sidente du comit\u00e9 de programme de la conf\u00e9rence IEEE ICDE 2025<\/li>\n\n\n\n<li>Genoveva Vargas-Solar, Pr\u00e9sidente du comit\u00e9 de programme de la conf\u00e9rence nationale BDA 2025<\/li>\n<\/ul>\n\n\n\n<h4 class=\"wp-block-heading\">2024<\/h4>\n\n\n\n<h5 class=\"wp-block-heading\">Porteuses de projets<\/h5>\n\n\n\n<ul class=\"wp-block-list\">\n<li>Sara Bouchenak, CITADEL, Le projet ANR PrivaCy and bIas mitigation in federaTed leArning for Digital hEaLth (CITADEL) vise \u00e0 garantir la confidentialit\u00e9 des donn\u00e9es et \u00e0 r\u00e9duire les biais dans l\u2019apprentissage f\u00e9d\u00e9r\u00e9 appliqu\u00e9 \u00e0 la sant\u00e9 num\u00e9rique.<\/li>\n\n\n\n<li>Johanna Delanoy, IMaDeS, le projet a pour objectif de comprendre, g\u00e9n\u00e9rer et interpr\u00e9ter les mat\u00e9riaux repr\u00e9sent\u00e9s dans les croquis de design, en combinant vision par ordinateur, intelligence artificielle et analyse s\u00e9mantique.<\/li>\n\n\n\n<li>Audrey Serna, THERAPEUTICS, le projet d\u00e9veloppe des interfaces hybrides gamifi\u00e9es et incitatives pour am\u00e9liorer l\u2019\u00e9ducation th\u00e9rapeutique des patients atteints d\u2019ost\u00e9oporose.<\/li>\n\n\n\n<li>B\u00e9atrice Fuchs, MODELI +, le projet d\u00e9veloppe un outil 3D adaptable, con\u00e7u de mani\u00e8re pluridisciplinaire, pour faciliter l\u2019apprentissage de l\u2019anatomie \u00e0 l\u2019universit\u00e9.<\/li>\n<\/ul>\n\n\n\n<h5 class=\"wp-block-heading\">Rayonnement scientifique<\/h5>\n\n\n\n<ul class=\"wp-block-list\">\n<li>Chirine Ghedira-Guegan,  Knowledge Graph Alliance, \u00e9lue Vice-Pr\u00e9sidente du conseil d\u2019administration et nomm\u00e9e Directrice g\u00e9n\u00e9rale des affaires acad\u00e9miques \u00e0 Bruxelles<\/li>\n\n\n\n<li><span style=\"font-family: -webkit-standard; font-size: medium; white-space: normal;\">Iuliia Tkachenko, chercheuse au LIRIS, compte parmi les 15 co-auteurices du Livre blanc<\/span>, L\u2019IA g\u00e9n\u00e9rative et les hypertrucages<\/li>\n\n\n\n<li>Iuliia Tkachenko est intervenue lors de la table ronde <a href=\"https:\/\/youtu.be\/JjpVYKz60fM?feature=shared\" target=\"_blank\" rel=\"noreferrer noopener\">\u00abIA g\u00e9n\u00e9rative et Deepfakes\u00bb<\/a> <\/li>\n\n\n\n<li>Angela Bonifati, Advice to Mid-Career Researchers de l\u2019ACM Sigmod Record. The Long and Winding Road to MidCareer Academia, SIGMOD Record, volume 53, num\u00e9ro 2, juin 2024<\/li>\n\n\n\n<li>SIGMOD 2024, Panel: , Genoveva Vargas-Solar<\/li>\n\n\n\n<li>Genoveva Vargas-Solar a \u00e9t\u00e9 interview\u00e9e dans le podcast <a href=\"https:\/\/www.digitalizados.mx\/1198727\/episodes\/15763718-83-conectando-servicios-en-la-nube-ciencia-de-datos-e-inteligencia-artificial\" target=\"_blank\" rel=\"noreferrer noopener\">Digitalizados<\/a><\/li>\n<\/ul>\n\n\n\n<h5 class=\"wp-block-heading\">Distinctions<\/h5>\n\n\n\n<ul class=\"wp-block-list\">\n<li>IEEE Senior Member, Genoveva Vargas-Solar<\/li>\n\n\n\n<li>Angela Bonifati, membre du IEEE TCDE Executive Committee 2024\u20132028, coordonnera les programmes IEEE TCDE Awards et ICDE Diversity and Inclusion. <\/li>\n<\/ul>\n\n\n\n<h4 class=\"wp-block-heading\">2022-2023<\/h4>\n\n\n\n<ul class=\"wp-block-list\">\n<li>ADBIS 2023 DEI Panel: <strong><em>More Than Muscles in the Lab: Expanding Masculinities in a Competitive Research Culture<\/em><\/strong>, Genoveva Vargas-Solar@<a href=\"http:\/\/vargas-solar.com\/adbis-dei\/past-dei-programs\/\" data-type=\"link\" data-id=\"http:\/\/vargas-solar.com\/adbis-dei\/past-dei-programs\/\" target=\"_blank\" rel=\"noreferrer noopener\">ADBIS<\/a><\/li>\n\n\n\n<li>ADBIS 2022 DEI Panel : <strong>\u201c<em>Promoting equity, diversity and inclusion: policies, strategies, and future directions in higher education, research communities, and business<\/em>\u201d<\/strong>, Genoveva Vargas-Solar @ <a href=\"https:\/\/adbis2022.polito.it\/program\/di-panel\/\" target=\"_blank\" rel=\"noreferrer noopener\">ADBIS<\/a><\/li>\n\n\n\n<li><strong>Best Paper Runner Up certificate VLDB 2022<\/strong>, <strong>Angela Bonifati <\/strong>@ <a href=\"https:\/\/vldb.org\/2022\/\">VLDB 2022<\/a><\/li>\n\n\n\n<li><strong>WINS seminars:<\/strong> The <strong>Women in Network Science (WiNS) seminar<\/strong> is an interdisciplinary seminar with the aim to promote and showcase research by women and nonbinary researchers in network science. <strong>JULIE DIGNE<\/strong> @ <a href=\"https:\/\/sites.google.com\/view\/womeninnetworkscience\/virtual-programs\/seminars\" target=\"_blank\" rel=\"noreferrer noopener\">WINS<\/a>, <a href=\"https:\/\/twitter.com\/WiNS_Society\/status\/1575058020979003393?s=20&amp;t=YuGSIy8X2GNN25BfhpwY1A\" target=\"_blank\" rel=\"noreferrer noopener\">Twitter<\/a><\/li>\n<\/ul>\n\n\n\n<p><\/p>\n","protected":false},"excerpt":{"rendered":"<p>A l&#8217;affiche: des activit\u00e9s et des fais marquants concernant le rayonnement des femmes scientifiques au LIRIS. Liste non exhaustive! Partagez avec nous vos faits marquants: egalite-femme-homme@liris.cnrs.fr 2025 2024 Porteuses de projets Rayonnement scientifique Distinctions 2022-2023<\/p>\n","protected":false},"author":3,"featured_media":0,"parent":0,"menu_order":0,"comment_status":"closed","ping_status":"closed","template":"","meta":{"footnotes":""},"class_list":["post-294","page","type-page","status-publish","hentry"],"_links":{"self":[{"href":"https:\/\/aequitas.projet.liris.cnrs.fr\/index.php\/wp-json\/wp\/v2\/pages\/294","targetHints":{"allow":["GET"]}}],"collection":[{"href":"https:\/\/aequitas.projet.liris.cnrs.fr\/index.php\/wp-json\/wp\/v2\/pages"}],"about":[{"href":"https:\/\/aequitas.projet.liris.cnrs.fr\/index.php\/wp-json\/wp\/v2\/types\/page"}],"author":[{"embeddable":true,"href":"https:\/\/aequitas.projet.liris.cnrs.fr\/index.php\/wp-json\/wp\/v2\/users\/3"}],"replies":[{"embeddable":true,"href":"https:\/\/aequitas.projet.liris.cnrs.fr\/index.php\/wp-json\/wp\/v2\/comments?post=294"}],"version-history":[{"count":11,"href":"https:\/\/aequitas.projet.liris.cnrs.fr\/index.php\/wp-json\/wp\/v2\/pages\/294\/revisions"}],"predecessor-version":[{"id":124868,"href":"https:\/\/aequitas.projet.liris.cnrs.fr\/index.php\/wp-json\/wp\/v2\/pages\/294\/revisions\/124868"}],"wp:attachment":[{"href":"https:\/\/aequitas.projet.liris.cnrs.fr\/index.php\/wp-json\/wp\/v2\/media?parent=294"}],"curies":[{"name":"wp","href":"https:\/\/api.w.org\/{rel}","templated":true}]}}