{"id":32,"date":"2023-12-22T22:11:13","date_gmt":"2023-12-22T22:11:13","guid":{"rendered":"http:\/\/vargas-solar.com\/aequitas\/?page_id=32"},"modified":"2025-12-16T19:29:07","modified_gmt":"2025-12-16T19:29:07","slug":"nouvelles-masculinites","status":"publish","type":"page","link":"https:\/\/aequitas.projet.liris.cnrs.fr\/index.php\/actions\/nouvelles-masculinites\/","title":{"rendered":"Nouvelles masculinit\u00e9s"},"content":{"rendered":"\n<blockquote class=\"wp-block-quote has-text-align-right is-layout-flow wp-block-quote-is-layout-flow\">\n<p><strong>R\u00e9flexion scientifique: masculinit\u00e9s alternatives<\/strong><\/p>\n\n\n\n<p>Donn\u00e9es, pratiques, m\u00e9thodes dans nos sous-disciplines<\/p>\n<\/blockquote>\n\n\n\n<p>Les recherches sur les masculinit\u00e9s s\u2019ins\u00e9rent pleinement dans la lign\u00e9e des \u00e9tudes de genre et des \u00e9tudes sur la sexualit\u00e9, elles participent \u00e0 l\u2019enrichissement des r\u00e9flexions sur les rapports sociaux de sexe. La masculinit\u00e9 h\u00e9g\u00e9monique et les diff\u00e9rentes relations au sein des masculinit\u00e9s, soulevent la question des relations de pouvoir comme vecteur d\u2019une dialectique constante au sein des relations de genre.&nbsp;<\/p>\n\n\n\n<h5 class=\"wp-block-heading\">Activit\u00e9s pr\u00e9vues ( septembre &#8211; d\u00e9cembre 2022 &#8211; 2023 )<\/h5>\n\n\n\n<ul class=\"wp-block-list\">\n<li>D\u00e9v\u00e9lopper une \u00e9tudes statistique sur les hommes au LIRIS: combient sont-ils? quel est leur grade? quelles sont leurs th\u00e9matiques de recherche? quelles sont leurs responsabilit\u00e9s au LIRIS et en enseignement\/recherche? comment \u00e9voluent-elles-leurs carri\u00e8res?<\/li>\n\n\n\n<li>Proposer une action de communication \u00e0 travers des affiches \u00e0 disposer dans les lacaux du laboratoire et sur nos r\u00e9seaux sociaux pour r\u00e9veiller les esprits.<\/li>\n<\/ul>\n\n\n\n<p><strong>Objectif<\/strong><\/p>\n\n\n\n<p>Cette action se concentrera sur la question des diff\u00e9rentes masculinit\u00e9s dans nos soci\u00e9t\u00e9s, en s\u2019attachant principalement aux figures non-h\u00e9g\u00e9moniques (subordonn\u00e9es, complices et\/ou marginales) et aux relations qu\u2019elles entretiennent avec l\u2019h\u00e9g\u00e9monie.<\/p>\n\n\n\n<h5 class=\"wp-block-heading\">Bibliographie<\/h5>\n\n\n\n<h3 class=\"wp-block-heading\">Masculinit\u00e9s apr\u00e8s #MeToo<\/h3>\n\n\n\n<ul class=\"wp-block-list\">\n<li>Etude sur les places des gar\u00e7ons et des hommes dans les politiques des droits des femmes et de l&#8217;\u00e9galit\u00e9 femmes-hommes (<a href=\"https:\/\/rm.coe.int\/gec-2021-3f-revise-etude-sur-la-place-des-hommes-et-des-garcons-dans-l\/1680a345b7\" target=\"_blank\" rel=\"noreferrer noopener\">ONLINE<\/a>) <\/li>\n\n\n\n<li>&#8220;Les m\u00e2les du si\u00e8cle&#8221;, le film qui prend le pouls des masculinit\u00e9s apr\u00e8s #MeToo, <a href=\"https:\/\/www.terrafemina.com\/article\/-les-males-du-siecle-le-documentaire-qui-interroge-les-hommes-apres-metoo_a357402\/1\" target=\"_blank\" rel=\"noreferrer noopener\">Terrafemina<\/a><\/li>\n\n\n\n<li><a href=\"https:\/\/www.contretemps.eu\/author\/meoin-hagege\/\">Meoin Hag\u00e8ge<\/a>\u00a0et\u00a0<a href=\"https:\/\/www.contretemps.eu\/author\/arthur-vuatoux\/\">Arthur Vuatoux<\/a>, Les masculinit\u00e9s : critique de l\u2019h\u00e9g\u00e9monie, recherche et horizons politiques (<a href=\"https:\/\/drive.google.com\/file\/d\/1Vkn4phsf5BDMpJKRPtHg9pZtsvJbovjW\/view?usp=sharing\" target=\"_blank\" rel=\"noreferrer noopener\">PDF<\/a>) (<a href=\"https:\/\/www.contretemps.eu\/les-masculinites-critique-de-lhegemonie-recherche-et-horizons-politiques\/\" target=\"_blank\" rel=\"noreferrer noopener\">ONLINE<\/a>)<\/li>\n\n\n\n<li><a href=\"https:\/\/www.mollat.com\/Recherche\/Auteur\/0-12102890\/victoire-tuaillon\">Victoire Tuaillon<\/a>, Les couilles sur la table, Binge audio \u00e9ditions, 2019<\/li>\n<\/ul>\n\n\n\n<h5 class=\"wp-block-heading\">M<em>asculinit\u00e9s non h\u00e9g\u00e9moniques<\/em><\/h5>\n\n\n\n<p>[ 1 ] Brandth, B., &amp; Kvande, E. (1998). Masculinity and child care: The reconstruction of fathering. The Sociological Review, 46 (2), 293-313.<br>[ 2 ] Connell, R. (1995). Masculinities. Cambridge &amp; Oxford: Polity Press &amp; Blackwell Publishers.<br>Delap, L., &amp; Morgan, S. (2013). Men, masculinities, and religious change in twentieth-century Britain. New York: Palgrave Macmillan.<br>[ 3 ] Doucet, A. (2006). Do men mother?: Fathering, care, and domestic responsibility. University of Toronto Press.<br>[ 4 ] Hearn, J., &amp; Morgan, D. H. J. (2014). Men, Masculinities and Social Theory (RLE Social Theory) (Vol. 46), Routledge.<br>[ 5 ] Morgan, D. H. (1992). Discovering men (vol. 3). Taylor &amp; Francis.<br>[ 6 ] Plantin, L., Mansson, S.-A., &amp; Kearney, J. (2003). Talking and doing fatherhood: On fatherhood and masculinity in Sweden and England. Fathering, 1 (1), 3.<br>[ 7 ] Van Osselaer, T. (2009). Christening Masculinity? Catholic Action and Men in Interwar Belgium. Gender &amp; History, 21 (2), 380\u2013401.<br>[ 8 ] Woodhead, L. (2012). Les diff\u00e9rences de genre dans la pratique et la signification de la religion. in M. Della Sudda et G. Malochet (eds), Pouvoirs, genre et religions, 51-52.<br>[ 9 ] Werner, Y. M. (2011). Christian masculinity: men and religion in Northern Europe in the 19th and 20th centuries. Louvain: Leuven University Press.<\/p>\n\n\n\n<figure class=\"wp-block-image size-full\"><img loading=\"lazy\" decoding=\"async\" width=\"808\" height=\"864\" src=\"https:\/\/aequitas.projet.liris.cnrs.fr\/wp-content\/uploads\/Screenshot-2019-11-17-at-13.24.37-1.png\" alt=\"\" class=\"wp-image-196\" srcset=\"https:\/\/aequitas.projet.liris.cnrs.fr\/wp-content\/uploads\/Screenshot-2019-11-17-at-13.24.37-1.png 808w, https:\/\/aequitas.projet.liris.cnrs.fr\/wp-content\/uploads\/Screenshot-2019-11-17-at-13.24.37-1-281x300.png 281w, https:\/\/aequitas.projet.liris.cnrs.fr\/wp-content\/uploads\/Screenshot-2019-11-17-at-13.24.37-1-768x821.png 768w\" sizes=\"auto, (max-width: 808px) 100vw, 808px\" \/><\/figure>\n","protected":false},"excerpt":{"rendered":"<p>R\u00e9flexion scientifique: masculinit\u00e9s alternatives Donn\u00e9es, pratiques, m\u00e9thodes dans nos sous-disciplines Les recherches sur les masculinit\u00e9s s\u2019ins\u00e9rent pleinement dans la lign\u00e9e des \u00e9tudes de genre et des \u00e9tudes sur la sexualit\u00e9, elles participent \u00e0 l\u2019enrichissement des r\u00e9flexions sur les rapports sociaux de sexe. La masculinit\u00e9 h\u00e9g\u00e9monique et les diff\u00e9rentes relations au sein des masculinit\u00e9s, soulevent la [&hellip;]<\/p>\n","protected":false},"author":3,"featured_media":232,"parent":28,"menu_order":0,"comment_status":"closed","ping_status":"closed","template":"","meta":{"footnotes":""},"class_list":["post-32","page","type-page","status-publish","has-post-thumbnail","hentry"],"_links":{"self":[{"href":"https:\/\/aequitas.projet.liris.cnrs.fr\/index.php\/wp-json\/wp\/v2\/pages\/32","targetHints":{"allow":["GET"]}}],"collection":[{"href":"https:\/\/aequitas.projet.liris.cnrs.fr\/index.php\/wp-json\/wp\/v2\/pages"}],"about":[{"href":"https:\/\/aequitas.projet.liris.cnrs.fr\/index.php\/wp-json\/wp\/v2\/types\/page"}],"author":[{"embeddable":true,"href":"https:\/\/aequitas.projet.liris.cnrs.fr\/index.php\/wp-json\/wp\/v2\/users\/3"}],"replies":[{"embeddable":true,"href":"https:\/\/aequitas.projet.liris.cnrs.fr\/index.php\/wp-json\/wp\/v2\/comments?post=32"}],"version-history":[{"count":2,"href":"https:\/\/aequitas.projet.liris.cnrs.fr\/index.php\/wp-json\/wp\/v2\/pages\/32\/revisions"}],"predecessor-version":[{"id":124891,"href":"https:\/\/aequitas.projet.liris.cnrs.fr\/index.php\/wp-json\/wp\/v2\/pages\/32\/revisions\/124891"}],"up":[{"embeddable":true,"href":"https:\/\/aequitas.projet.liris.cnrs.fr\/index.php\/wp-json\/wp\/v2\/pages\/28"}],"wp:featuredmedia":[{"embeddable":true,"href":"https:\/\/aequitas.projet.liris.cnrs.fr\/index.php\/wp-json\/wp\/v2\/media\/232"}],"wp:attachment":[{"href":"https:\/\/aequitas.projet.liris.cnrs.fr\/index.php\/wp-json\/wp\/v2\/media?parent=32"}],"curies":[{"name":"wp","href":"https:\/\/api.w.org\/{rel}","templated":true}]}}