{"id":340,"date":"2022-08-29T16:32:04","date_gmt":"2022-08-29T16:32:04","guid":{"rendered":"http:\/\/vargas-solar.com\/aequitas\/?page_id=2"},"modified":"2025-12-16T19:21:13","modified_gmt":"2025-12-16T19:21:13","slug":"sample-page-2","status":"publish","type":"page","link":"https:\/\/aequitas.projet.liris.cnrs.fr\/","title":{"rendered":"ACCUEIL"},"content":{"rendered":"\n<p>L&#8217;objectif de la commission \u00e9galit\u00e9 femmes-hommes du laboratoire LIRIS est travailler pour chercher \u00e0 construire une communaut\u00e9 scientifique plus \u00e9quitable \u00e0 travers:<\/p>\n\n\n\n<ul class=\"wp-block-list\">\n<li>Augmenter la connaissance sur les contributions scientifiques de la communaut\u00e9 f\u00e9minine par la promotion de la visibilit\u00e9 des femmes au LIRIS <\/li>\n\n\n\n<li>Rendre la communication au labo sensible \u00e0 l\u2019\u00e9galit\u00e9 F\/H pour r\u00e9pondre \u00e0 la question: que ce que c\u2019est qu\u2019une communaut\u00e9 \u00e9galitaire? quelles sont les nouvelles masculinit\u00e9s qui peuvent promouvoir une communaut\u00e9 \u00e9quitable?<\/li>\n\n\n\n<li>Etudier la participation des femmes dans la force de travail de la science de donn\u00e9es et l\u2019intelligence artificielle (projets <a href=\"http:\/\/vargas-solar.com\/aequitas\/jowdidseai\/\" target=\"_blank\" rel=\"noreferrer noopener\">JOWDIDSEAI<\/a> programme Institut du Genre 2022 &amp; <a href=\"http:\/\/vargas-solar.com\/aequitas\/sinfonia\/\" target=\"_blank\" rel=\"noreferrer noopener\">SINFONIA<\/a> et Interlab AAP CNRS en cours)<\/li>\n<\/ul>\n\n\n\n<h5 class=\"wp-block-heading\">Focus scientifique<\/h5>\n\n\n\n<p>Les activit\u00e9s de recherche de la commission explorent des th\u00e9matiques telles que le d\u00e9veloppement des carri\u00e8res, la charge mentale, les disparit\u00e9s de genre et l&#8217;\u00e9volution des masculinit\u00e9s dans des contextes scientifiques majoritairement domin\u00e9s par les hommes. \u00c0 travers des ateliers, des \u00e9tudes intersectionnelles, des programmes de mentorat et des campagnes de sensibilisation, nos recherches visent \u00e0 proposer des actions concr\u00e8tes pour lutter contre les in\u00e9galit\u00e9s syst\u00e9miques, promouvoir le bien-\u00eatre et red\u00e9finir les pratiques scientifiques dans une perspective f\u00e9ministe.<\/p>\n\n\n\n<hr class=\"wp-block-separator has-css-opacity\"\/>\n\n\n\n<p>The aim of the LIRIS laboratory&#8217;s gender equality commission is to work towards building a more equitable scientific community through:<\/p>\n\n\n\n<ul class=\"wp-block-list\">\n<li>Increasing knowledge about the scientific contributions of the female community by promoting the visibility of women at LIRIS <\/li>\n\n\n\n<li>Making communication in the lab sensitive to F\/M equality to answer the question: what is an egalitarian community? What are the new masculinities that can promote an egalitarian scientific community?<\/li>\n\n\n\n<li>Studying women&#8217;s participation in the data science and artificial intelligence workforce (<a href=\"http:\/\/vargas-solar.com\/aequitas\/jowdidseai\/\" target=\"_blank\" rel=\"noreferrer noopener\">JOWDIDSEAI<\/a> projects Gender Institute programme 2022 &amp; <a href=\"http:\/\/vargas-solar.com\/aequitas\/sinfonia\/\" target=\"_blank\" rel=\"noreferrer noopener\">SINFONIA<\/a> and Interlab CNRS AAP)<\/li>\n<\/ul>\n\n\n\n<h5 class=\"wp-block-heading\">Scientific Focus<\/h5>\n\n\n\n<p>The commission\u2019s research activities explore themes such as career development, mental load, gender disparities, and the evolution of masculinities in predominantly male-dominated scientific fields. Through workshops, intersectional studies, mentoring programs, and awareness campaigns, our work aims to propose concrete actions to combat systemic inequalities, promote well-being, and redefine scientific practices from a feminist perspective.<\/p>\n","protected":false},"excerpt":{"rendered":"<p>L&#8217;objectif de la commission \u00e9galit\u00e9 femmes-hommes du laboratoire LIRIS est travailler pour chercher \u00e0 construire une communaut\u00e9 scientifique plus \u00e9quitable \u00e0 travers: Focus scientifique Les activit\u00e9s de recherche de la commission explorent des th\u00e9matiques telles que le d\u00e9veloppement des carri\u00e8res, la charge mentale, les disparit\u00e9s de genre et l&#8217;\u00e9volution des masculinit\u00e9s dans des contextes scientifiques [&hellip;]<\/p>\n","protected":false},"author":3,"featured_media":375,"parent":0,"menu_order":0,"comment_status":"closed","ping_status":"closed","template":"","meta":{"footnotes":""},"class_list":["post-340","page","type-page","status-publish","has-post-thumbnail","hentry"],"_links":{"self":[{"href":"https:\/\/aequitas.projet.liris.cnrs.fr\/index.php\/wp-json\/wp\/v2\/pages\/340","targetHints":{"allow":["GET"]}}],"collection":[{"href":"https:\/\/aequitas.projet.liris.cnrs.fr\/index.php\/wp-json\/wp\/v2\/pages"}],"about":[{"href":"https:\/\/aequitas.projet.liris.cnrs.fr\/index.php\/wp-json\/wp\/v2\/types\/page"}],"author":[{"embeddable":true,"href":"https:\/\/aequitas.projet.liris.cnrs.fr\/index.php\/wp-json\/wp\/v2\/users\/3"}],"replies":[{"embeddable":true,"href":"https:\/\/aequitas.projet.liris.cnrs.fr\/index.php\/wp-json\/wp\/v2\/comments?post=340"}],"version-history":[{"count":3,"href":"https:\/\/aequitas.projet.liris.cnrs.fr\/index.php\/wp-json\/wp\/v2\/pages\/340\/revisions"}],"predecessor-version":[{"id":124886,"href":"https:\/\/aequitas.projet.liris.cnrs.fr\/index.php\/wp-json\/wp\/v2\/pages\/340\/revisions\/124886"}],"wp:featuredmedia":[{"embeddable":true,"href":"https:\/\/aequitas.projet.liris.cnrs.fr\/index.php\/wp-json\/wp\/v2\/media\/375"}],"wp:attachment":[{"href":"https:\/\/aequitas.projet.liris.cnrs.fr\/index.php\/wp-json\/wp\/v2\/media?parent=340"}],"curies":[{"name":"wp","href":"https:\/\/api.w.org\/{rel}","templated":true}]}}