{"id":51,"date":"2023-12-22T22:11:13","date_gmt":"2023-12-22T22:11:13","guid":{"rendered":"http:\/\/vargas-solar.com\/aequitas\/?page_id=51"},"modified":"2025-12-16T19:27:04","modified_gmt":"2025-12-16T19:27:04","slug":"les-f-h-au-liris-en-chiffres","status":"publish","type":"page","link":"https:\/\/aequitas.projet.liris.cnrs.fr\/index.php\/actions\/les-f-h-au-liris-en-chiffres\/","title":{"rendered":"Les femmes au LIRIS"},"content":{"rendered":"\n<h5 class=\"wp-block-heading\">En chiffres<\/h5>\n\n\n\n<p>La commission m\u00e8ne un travail continue pour faire des \u00e9tudes quantitatives et qualitatives pour r\u00e9fl\u00e9chir sur l&#8217;index d&#8217;\u00e9galit\u00e9 F\/H et pour proposer un manifesto sur des possibles politiques en faveur de l&#8217;\u00e9galit\u00e9 au sein du LIRIS.<\/p>\n\n\n\n<p>Nous avons dress\u00e9 un premier profil quantitatif des femmes pour conna\u00eetre la r\u00e9partition f\/h par \u00e9quipe et par grade avec des donn\u00e9es 2022.<\/p>\n\n\n\n<ul class=\"wp-block-list\">\n<li>Faits annonc\u00e9s au rapport du laboratoire 2016 &#8211; 2019<\/li>\n<\/ul>\n\n\n\n<ul class=\"wp-block-list\">\n<li>Faits calcul\u00e9s par rapport \u00e0 l&#8217;\u00e9tat du personnel du laboratoire en 2022<\/li>\n<\/ul>\n\n\n\n<p class=\"has-text-align-right\"><strong>\u00c0<em> faire: Chercher de donn\u00e9es compl\u00e8tes, homog\u00e8nes et \u00e0 grain fin<\/em><\/strong><\/p>\n\n\n\n<h5 class=\"wp-block-heading\"><em>Visibilit\u00e9 de la recherche de nos coll\u00e8gues &amp; de nos doctorantes femmes<\/em><\/h5>\n\n\n\n<pre class=\"wp-block-preformatted\">\u201c<em>Citez nous, invitez nous pour faire des&nbsp;keynotes&nbsp;et des projets, pensez \u00e0 nous pour \u00eatre consid\u00e9rez pour les laur\u00e9ats<\/em>\u201d<\/pre>\n\n\n\n<ul class=\"wp-block-list\">\n<li><strong>8 mars 2022:<\/strong> pour le journ\u00e9e internationale des droite des femmes nous avons mis en place une communication sur le site du laboratoire et sur les r\u00e9seaux sociaux sur\n<ul class=\"wp-block-list\">\n<li>le pour quoi de la journ\u00e9e et <\/li>\n\n\n\n<li>les profils de certaines coll\u00e8gues femmes qui ont accept\u00e9 de participer (<a href=\"https:\/\/drive.google.com\/file\/d\/1EUQ5TyxpbFm36AVl19adrk5Fj0zVvGuK\/view?usp=sharing\" target=\"_blank\" rel=\"noreferrer noopener\">PDF<\/a>).<\/li>\n<\/ul>\n<\/li>\n<\/ul>\n\n\n\n<figure class=\"wp-block-image size-large\"><img decoding=\"async\" src=\"http:\/\/vargas-solar.com\/aequitas\/wp-content\/uploads\/sites\/47\/2022\/09\/8-mars-1024x575.jpg\" alt=\"\" class=\"wp-image-162\"\/><\/figure>\n\n\n\n<ul class=\"wp-block-list\">\n<li>Les activit\u00e9s et les contributions des femmes sont \u00e0 l\u2019honneur diffus\u00e9es sur les r\u00e9seaux sociaux.<\/li>\n<\/ul>\n\n\n\n<p class=\"has-text-align-right\">Nous les femmes faisons de la science une entit\u00e9 vivante.&nbsp;&nbsp;Nous sommes l\u00e0 !<\/p>\n\n\n\n<figure class=\"wp-block-image size-full\"><img decoding=\"async\" src=\"https:\/\/aequitas.projet.liris.cnrs.fr\/wp-content\/uploads\/femmes-la-2.jpg\" alt=\"\" class=\"wp-image-173\"\/><\/figure>\n","protected":false},"excerpt":{"rendered":"<p>En chiffres La commission m\u00e8ne un travail continue pour faire des \u00e9tudes quantitatives et qualitatives pour r\u00e9fl\u00e9chir sur l&#8217;index d&#8217;\u00e9galit\u00e9 F\/H et pour proposer un manifesto sur des possibles politiques en faveur de l&#8217;\u00e9galit\u00e9 au sein du LIRIS. Nous avons dress\u00e9 un premier profil quantitatif des femmes pour conna\u00eetre la r\u00e9partition f\/h par \u00e9quipe et [&hellip;]<\/p>\n","protected":false},"author":3,"featured_media":0,"parent":28,"menu_order":0,"comment_status":"closed","ping_status":"closed","template":"","meta":{"footnotes":""},"class_list":["post-51","page","type-page","status-publish","hentry"],"_links":{"self":[{"href":"https:\/\/aequitas.projet.liris.cnrs.fr\/index.php\/wp-json\/wp\/v2\/pages\/51","targetHints":{"allow":["GET"]}}],"collection":[{"href":"https:\/\/aequitas.projet.liris.cnrs.fr\/index.php\/wp-json\/wp\/v2\/pages"}],"about":[{"href":"https:\/\/aequitas.projet.liris.cnrs.fr\/index.php\/wp-json\/wp\/v2\/types\/page"}],"author":[{"embeddable":true,"href":"https:\/\/aequitas.projet.liris.cnrs.fr\/index.php\/wp-json\/wp\/v2\/users\/3"}],"replies":[{"embeddable":true,"href":"https:\/\/aequitas.projet.liris.cnrs.fr\/index.php\/wp-json\/wp\/v2\/comments?post=51"}],"version-history":[{"count":4,"href":"https:\/\/aequitas.projet.liris.cnrs.fr\/index.php\/wp-json\/wp\/v2\/pages\/51\/revisions"}],"predecessor-version":[{"id":124889,"href":"https:\/\/aequitas.projet.liris.cnrs.fr\/index.php\/wp-json\/wp\/v2\/pages\/51\/revisions\/124889"}],"up":[{"embeddable":true,"href":"https:\/\/aequitas.projet.liris.cnrs.fr\/index.php\/wp-json\/wp\/v2\/pages\/28"}],"wp:attachment":[{"href":"https:\/\/aequitas.projet.liris.cnrs.fr\/index.php\/wp-json\/wp\/v2\/media?parent=51"}],"curies":[{"name":"wp","href":"https:\/\/api.w.org\/{rel}","templated":true}]}}