{"id":54,"date":"2023-12-22T22:11:13","date_gmt":"2023-12-22T22:11:13","guid":{"rendered":"http:\/\/vargas-solar.com\/aequitas\/?page_id=54"},"modified":"2025-12-16T19:12:50","modified_gmt":"2025-12-16T19:12:50","slug":"publications","status":"publish","type":"page","link":"https:\/\/aequitas.projet.liris.cnrs.fr\/index.php\/publications\/","title":{"rendered":"PUBLICATIONS"},"content":{"rendered":"\n<p>2025<\/p>\n\n\n\n<ul class=\"wp-block-list\">\n<li>Vargas-Solar, G., 2025. Bridging the Divide: Gender, Diversity, and Inclusion Gaps in Data Science and Artificial Intelligence Across Academia and Industry in the majority and minority worlds.\u00a0<em>arXiv preprint arXiv:2511.18558<\/em>.<\/li>\n\n\n\n<li>Barret, N., Bhowmick, S. S., Bonifati, A., Catania, B., Idreos, S., Ioannou, E., &#8230; &amp; Vargas-Solar, G. (2025). Diversity, Equity and Inclusion Activities in Database Conferences: A 2024 Report.\u00a0<em>SIGMOD record<\/em>,\u00a0<em>54<\/em>(3), 40.<\/li>\n\n\n\n<li>Vargas-Solar, Genoveva. &#8220;Ethical and Equitable Data Science: Bridging Social Justice and Technical Innovation ADBIS 2025 Doctoral Consortium Lecture.&#8221;\u00a0<em>European Conference on Advances in Databases and Information Systems<\/em>. Cham: Springer Nature Switzerland, 2025.<\/li>\n<\/ul>\n\n\n\n<p>2023-2024<\/p>\n\n\n\n<ul class=\"wp-block-list\">\n<li>Sihem Amer-Yahia, Divyakant Agrawal, Yael Amsterdamer, Sourav S Bhowmick, Renata Borovica-Gajic, Jes\u00fas Camacho-Rodr\u00edguez, Jinli Cao, Barbara Catania, Panos K Chrysanthis, Carlo Curino, Amr El Abbadi, Avrilia Floratou, Juliana Freire, Stratos Idreos, Vana Kalogeraki, Sujaya Maiyya, Alexandra Meliou, Madhulika Mohanty, Fatma \u00d6zcan, Liat Peterfreund, Soror Sahri, Sana Sellami, Roee Shraga, Utku Sirin, Wang-Chiew Tan, Bhavani Thuraisingham, Yuanyuan Tian, Genoveva Vargas-Solar, Meihui Zhang, Wenjie Zhang, Diversity, Equity and Inclusion Activities in Database Conferences: A 2023 Report, ACM SIGMOD Record 53 (2), 63-67. (Q1 SJR)<\/li>\n\n\n\n<li>Genoveva Vargas-Solar, Javier-Alfonso Espinosa-Oviedo, Nadia Bennani, Andrea Mauri, Jos\u00e9-Luis Zechinelli-Martini, Barbara Catania, Claudio A. Ardagna, Nicola Bena, Decolonizing Federated Learning: Designing Fair and Responsible Resource Allocation Position Paper, ACS\/IEEE 21st International Conference on Computer Systems and Applications (AICCSA 2024)<\/li>\n\n\n\n<li>Paola Ricaurte, Genoveva Vargas-Solar, Ivana Feldfeber, Diana Mosquera, Alejandra Josiowicz, Susana Cadena Vela, Virginia Brussa, Laura Alonso i Alemany, Anaelia Ovalle, Liliana Zaragoza Cano, Feminist AI for the majority world: Feminist AI Research Network, Latin American and Caribbean Hub, Oxford intersections (accepted)<\/li>\n\n\n\n<li>Genoveva Vargas-Solar, Sagrario Castillo-Camporro, Guiding Urban Inclusivity: opening the public space in cities for women, submitted to DS4EIW workshop in conjunction with IEEE Big Data<\/li>\n<\/ul>\n\n\n\n<p>2022<\/p>\n\n\n\n<ul class=\"wp-block-list\">\n<li>Amer-Yahia, Sihem, Sourav S. Bhowmick, Angela Bonifati, Philippe Bonnet, Renata Borovica-Gajic, Barbara Catania, Tania Cerquitelli, Silvia Chiusano, Panos K. Chrysanthis, J\u00e9r\u00f4me Darmont, Avrilia Floratou, Juliana Freire, Vana Kalogeraki, Sujaya Maiyya, Alexandra Meliou, Madhulika Mohanty, Felix Naumann, Nele Sina Noack, Fatma \u00d6zcan, Liat Peterfreund, Wenny Rahayu, Wang-Chiew Tan, P\u0131nar T\u00f6z\u00fcn, Genoveva Vargas-Solar, Meihui Zhang. &#8220;Diversity and Inclusion Activities in Database Conferences: A 2021 Report.&#8221; ACM SIGMOD Record 51.2 (2022): 69-73. (Q1 SJR 2021) (<a href=\"https:\/\/www.google.com\/url?sa=t&amp;rct=j&amp;q=&amp;esrc=s&amp;source=web&amp;cd=&amp;cad=rja&amp;uact=8&amp;ved=2ahUKEwimiKTJkaT6AhWTgv0HHbeCDaEQFnoECAoQAQ&amp;url=https%3A%2F%2Fsigmodrecord.org%2F%3Fsmd_process_download%3D1%26download_id%3D%252013090&amp;usg=AOvVaw1iNuqcuFK2AvhO1-K9xXXY\" target=\"_blank\" rel=\"noreferrer noopener\">PDF<\/a>)<\/li>\n\n\n\n<li>Genoveva Vargas-Solar, &#8220;Intersectional Study of the Gender Gap in STEM through the Identification of Missing Datasets about Women: A Multisided Problem.&#8221; Applied Sciences 12.12 (2022): 5813. (Q2 SJR 2021) (<a href=\"https:\/\/www.google.com\/url?sa=t&amp;rct=j&amp;q=&amp;esrc=s&amp;source=web&amp;cd=&amp;ved=2ahUKEwiSgaqykaT6AhVug_0HHekQAeQQFnoECAwQAQ&amp;url=https%3A%2F%2Fwww.mdpi.com%2F2076-3417%2F12%2F12%2F5813%2Fpdf&amp;usg=AOvVaw0VKXsDDnQiQAa-CsYDT-wW\" target=\"_blank\" rel=\"noreferrer noopener\">PDF<\/a>)<\/li>\n\n\n\n<li>Genoveva Vargas-Solar, Calling for a feminist revolt to decolonise data and algorithms in the age of Datification, Decolonial Perspectives on Gender, Sexuality, and Patriarchy: Art, Activism, and Academia, University of T\u00fcbingen, Germany, October 2022 (<a href=\"https:\/\/uni-tuebingen.de\/fakultaeten\/philosophische-fakultaet\/forschung\/zentren-und-interdisziplinaere-einrichtungen\/interdisciplinary-centre-for-global-south-studies\/academic-events\/\" target=\"_blank\" rel=\"noreferrer noopener\">details<\/a>)(<a href=\"https:\/\/drive.google.com\/file\/d\/1N9U7fnIPLHaczrrOBMkXUxtzK6Gz-zJw\/view?usp=sharing\" target=\"_blank\" rel=\"noreferrer noopener\">PDF<\/a>)<\/li>\n<\/ul>\n","protected":false},"excerpt":{"rendered":"<p>2025 2023-2024 2022<\/p>\n","protected":false},"author":3,"featured_media":0,"parent":0,"menu_order":0,"comment_status":"closed","ping_status":"closed","template":"","meta":{"footnotes":""},"class_list":["post-54","page","type-page","status-publish","hentry"],"_links":{"self":[{"href":"https:\/\/aequitas.projet.liris.cnrs.fr\/index.php\/wp-json\/wp\/v2\/pages\/54","targetHints":{"allow":["GET"]}}],"collection":[{"href":"https:\/\/aequitas.projet.liris.cnrs.fr\/index.php\/wp-json\/wp\/v2\/pages"}],"about":[{"href":"https:\/\/aequitas.projet.liris.cnrs.fr\/index.php\/wp-json\/wp\/v2\/types\/page"}],"author":[{"embeddable":true,"href":"https:\/\/aequitas.projet.liris.cnrs.fr\/index.php\/wp-json\/wp\/v2\/users\/3"}],"replies":[{"embeddable":true,"href":"https:\/\/aequitas.projet.liris.cnrs.fr\/index.php\/wp-json\/wp\/v2\/comments?post=54"}],"version-history":[{"count":3,"href":"https:\/\/aequitas.projet.liris.cnrs.fr\/index.php\/wp-json\/wp\/v2\/pages\/54\/revisions"}],"predecessor-version":[{"id":124882,"href":"https:\/\/aequitas.projet.liris.cnrs.fr\/index.php\/wp-json\/wp\/v2\/pages\/54\/revisions\/124882"}],"wp:attachment":[{"href":"https:\/\/aequitas.projet.liris.cnrs.fr\/index.php\/wp-json\/wp\/v2\/media?parent=54"}],"curies":[{"name":"wp","href":"https:\/\/api.w.org\/{rel}","templated":true}]}}